{"id":3533,"date":"2022-12-30T08:06:57","date_gmt":"2022-12-30T08:06:57","guid":{"rendered":"http:\/\/verein-k.net\/wp\/?page_id=3533"},"modified":"2022-12-30T08:22:12","modified_gmt":"2022-12-30T08:22:12","slug":"testimonials-visiting-curators-vienna-2022","status":"publish","type":"page","link":"https:\/\/verein-k.net\/wp\/testimonials-visiting-curators-vienna-2022\/","title":{"rendered":"Testimonials Visiting Curators Vienna 2022"},"content":{"rendered":"\t\t<div data-elementor-type=\"wp-post\" data-elementor-id=\"3533\" class=\"elementor elementor-3533\">\n\t\t\t\t\t\t<section class=\"elementor-section elementor-top-section elementor-element elementor-element-5d96835 elementor-section-boxed elementor-section-height-default elementor-section-height-default\" data-id=\"5d96835\" data-element_type=\"section\" data-e-type=\"section\">\n\t\t\t\t\t\t<div class=\"elementor-container elementor-column-gap-default\">\n\t\t\t\t\t<div class=\"elementor-column elementor-col-100 elementor-top-column elementor-element elementor-element-c5defba\" data-id=\"c5defba\" data-element_type=\"column\" data-e-type=\"column\">\n\t\t\t<div class=\"elementor-widget-wrap elementor-element-populated\">\n\t\t\t\t\t\t<div class=\"elementor-element elementor-element-6f80924 elementor-widget elementor-widget-heading\" data-id=\"6f80924\" data-element_type=\"widget\" data-e-type=\"widget\" data-widget_type=\"heading.default\">\n\t\t\t\t<div class=\"elementor-widget-container\">\n\t\t\t\t\t<h2 class=\"elementor-heading-title elementor-size-default\">Testimonials Visiting Curators Vienna 2022<\/h2>\t\t\t\t<\/div>\n\t\t\t\t<\/div>\n\t\t\t\t\t<\/div>\n\t\t<\/div>\n\t\t\t\t\t<\/div>\n\t\t<\/section>\n\t\t\t\t<section class=\"elementor-section elementor-top-section elementor-element elementor-element-c124768 elementor-section-boxed elementor-section-height-default elementor-section-height-default\" data-id=\"c124768\" data-element_type=\"section\" data-e-type=\"section\">\n\t\t\t\t\t\t<div class=\"elementor-container elementor-column-gap-default\">\n\t\t\t\t\t<div class=\"elementor-column elementor-col-100 elementor-top-column elementor-element elementor-element-e7b381f\" data-id=\"e7b381f\" data-element_type=\"column\" data-e-type=\"column\">\n\t\t\t<div class=\"elementor-widget-wrap elementor-element-populated\">\n\t\t\t\t\t\t<div class=\"elementor-element elementor-element-c581ae9 elementor-widget elementor-widget-spacer\" data-id=\"c581ae9\" data-element_type=\"widget\" data-e-type=\"widget\" data-widget_type=\"spacer.default\">\n\t\t\t\t<div class=\"elementor-widget-container\">\n\t\t\t\t\t\t\t<div class=\"elementor-spacer\">\n\t\t\t<div class=\"elementor-spacer-inner\"><\/div>\n\t\t<\/div>\n\t\t\t\t\t\t<\/div>\n\t\t\t\t<\/div>\n\t\t\t\t\t<\/div>\n\t\t<\/div>\n\t\t\t\t\t<\/div>\n\t\t<\/section>\n\t\t\t\t<section class=\"elementor-section elementor-top-section elementor-element elementor-element-ce0db43 elementor-section-boxed elementor-section-height-default elementor-section-height-default\" data-id=\"ce0db43\" data-element_type=\"section\" data-e-type=\"section\">\n\t\t\t\t\t\t<div class=\"elementor-container elementor-column-gap-default\">\n\t\t\t\t\t<div class=\"elementor-column elementor-col-33 elementor-top-column elementor-element elementor-element-148fcae\" data-id=\"148fcae\" data-element_type=\"column\" data-e-type=\"column\">\n\t\t\t<div class=\"elementor-widget-wrap elementor-element-populated\">\n\t\t\t\t\t\t\t<\/div>\n\t\t<\/div>\n\t\t\t\t<div class=\"elementor-column elementor-col-66 elementor-top-column elementor-element elementor-element-d70337b\" data-id=\"d70337b\" data-element_type=\"column\" data-e-type=\"column\">\n\t\t\t<div class=\"elementor-widget-wrap elementor-element-populated\">\n\t\t\t\t\t\t<div class=\"elementor-element elementor-element-6bf26af elementor-widget elementor-widget-text-editor\" data-id=\"6bf26af\" data-element_type=\"widget\" data-e-type=\"widget\" data-widget_type=\"text-editor.default\">\n\t\t\t\t<div class=\"elementor-widget-container\">\n\t\t\t\t\t\t\t\t\t<p style=\"font-weight: 400;\">We would like to express our sincere gratitude for joining The Visiting Curators Vienna residency in 2022. In such brutal and challenging times marked by atrocity of the Russian invasion of Ukraine we humbly appreciate the chance for having an open discussion not only about vibrant and inspiring Viennese contemporary art scene but also talk about global issues affecting EU. With personal warmth of Verein K team, their high level of professionalism, great organisational skills and extraordinary knowledge about local artistic community and cultural institutions such research residency programmes have, without a doubt, a profound value for creating a save environment for knowledge exchange and intercultural dialogue.<br \/><br \/><a href=\"http:\/\/verein-k.net\/wp\/participants-visiting-curators-vienna-2022\/\">&#8211; Anna Ilchenko and Andrey Parshikov, Russia<\/a><\/p><p>\u00a0<\/p>\t\t\t\t\t\t\t\t<\/div>\n\t\t\t\t<\/div>\n\t\t\t\t\t<\/div>\n\t\t<\/div>\n\t\t\t\t\t<\/div>\n\t\t<\/section>\n\t\t\t\t<section class=\"elementor-section elementor-top-section elementor-element elementor-element-434b048 elementor-section-boxed elementor-section-height-default elementor-section-height-default\" data-id=\"434b048\" data-element_type=\"section\" data-e-type=\"section\">\n\t\t\t\t\t\t<div class=\"elementor-container elementor-column-gap-default\">\n\t\t\t\t\t<div class=\"elementor-column elementor-col-33 elementor-top-column elementor-element elementor-element-d53a762\" data-id=\"d53a762\" data-element_type=\"column\" data-e-type=\"column\">\n\t\t\t<div class=\"elementor-widget-wrap elementor-element-populated\">\n\t\t\t\t\t\t\t<\/div>\n\t\t<\/div>\n\t\t\t\t<div class=\"elementor-column elementor-col-66 elementor-top-column elementor-element elementor-element-f52fbb6\" data-id=\"f52fbb6\" data-element_type=\"column\" data-e-type=\"column\">\n\t\t\t<div class=\"elementor-widget-wrap elementor-element-populated\">\n\t\t\t\t\t\t<div class=\"elementor-element elementor-element-f482650 elementor-widget elementor-widget-text-editor\" data-id=\"f482650\" data-element_type=\"widget\" data-e-type=\"widget\" data-widget_type=\"text-editor.default\">\n\t\t\t\t<div class=\"elementor-widget-container\">\n\t\t\t\t\t\t\t\t\t<p style=\"font-weight: 400;\">It has been truly informative to participate in the Visiting Curators Vienna Program. For ten days, the Verein K team has offered a wonderful insight into the Viennese contemporary art scene, provided by Verein K\u2019s extraordinary knowledge of the city, curators, artists, off-spaces, institutions and museums. The personalised itinerary was arranged with lots of care, and the connections made will hopefully lead to new collaborations between the Hague, the Netherlands, and Vienna for years to come. The three organisers, Jelena, Dejan, and Klaus have done a great job at bringing together an international group of curators in the program, leading to insightful discussions and perspectives, with whom it also been a pleasure to meet. There is clearly a lot of talented artists living and working in Vienna. The program has successfully highlighted some of Vienna\u2019s broad artistic landscape, that makes me want to come back to explore further soon. A big thank you to Verein K, the participants and all the people I\u2019ve had the honour to meet!<br \/><br \/><a href=\"http:\/\/verein-k.net\/wp\/participants-visiting-curators-vienna-2022\/\">&#8211; Johan Gustavsson, Netherlands<\/a><\/p>\t\t\t\t\t\t\t\t<\/div>\n\t\t\t\t<\/div>\n\t\t\t\t\t<\/div>\n\t\t<\/div>\n\t\t\t\t\t<\/div>\n\t\t<\/section>\n\t\t\t\t<section class=\"elementor-section elementor-top-section elementor-element elementor-element-f31299c elementor-section-boxed elementor-section-height-default elementor-section-height-default\" data-id=\"f31299c\" data-element_type=\"section\" data-e-type=\"section\">\n\t\t\t\t\t\t<div class=\"elementor-container elementor-column-gap-default\">\n\t\t\t\t\t<div class=\"elementor-column elementor-col-33 elementor-top-column elementor-element elementor-element-7009c78\" data-id=\"7009c78\" data-element_type=\"column\" data-e-type=\"column\">\n\t\t\t<div class=\"elementor-widget-wrap elementor-element-populated\">\n\t\t\t\t\t\t\t<\/div>\n\t\t<\/div>\n\t\t\t\t<div class=\"elementor-column elementor-col-66 elementor-top-column elementor-element elementor-element-2276dee\" data-id=\"2276dee\" data-element_type=\"column\" data-e-type=\"column\">\n\t\t\t<div class=\"elementor-widget-wrap elementor-element-populated\">\n\t\t\t\t\t\t<div class=\"elementor-element elementor-element-95f0656 elementor-widget elementor-widget-text-editor\" data-id=\"95f0656\" data-element_type=\"widget\" data-e-type=\"widget\" data-widget_type=\"text-editor.default\">\n\t\t\t\t<div class=\"elementor-widget-container\">\n\t\t\t\t\t\t\t\t\t<p style=\"font-weight: 400;\">I, Koi Persyn, hereby express my extreme gratitude for the opportunity to explore and research the Viennese cultural landscape together\u00a0with the skilled team of Verein K and the other international curatorial visitors. It was a great pleasure to meet a diverse multitude of interesting artists and cultural workers in a context, perfectly shaped by the expertise of Verein K. I am truly inspired by the various encounters and visits to organisations and spaces that I experienced during a fruitful period of diving into the artistic scene of Vienna. Therefore, with great pleasure, I can announce that I will curate an solo-exhibition for Komplot in Brussels with the Austrian artist Michaela Schweighofer, whom I had the pleasure to meet during the programme in Vienna. Through the collective conversations with the other professionals and the in-depth knowledge of Verein K, I was able\u00a0to get a exciting understanding\u00a0of the rich and dynamic cultural fabric of the city.\u00a0<\/p><p style=\"font-weight: 400;\"><a href=\"http:\/\/verein-k.net\/wp\/participants-visiting-curators-vienna-2022\/\">&#8211; Koi Persyn, Belgium <\/a><\/p><p style=\"font-weight: 400;\">\u00a0<\/p>\t\t\t\t\t\t\t\t<\/div>\n\t\t\t\t<\/div>\n\t\t\t\t\t<\/div>\n\t\t<\/div>\n\t\t\t\t\t<\/div>\n\t\t<\/section>\n\t\t\t\t<section class=\"elementor-section elementor-top-section elementor-element elementor-element-23626a3 elementor-section-boxed elementor-section-height-default elementor-section-height-default\" data-id=\"23626a3\" data-element_type=\"section\" data-e-type=\"section\">\n\t\t\t\t\t\t<div class=\"elementor-container elementor-column-gap-default\">\n\t\t\t\t\t<div class=\"elementor-column elementor-col-33 elementor-top-column elementor-element elementor-element-fd9df92\" data-id=\"fd9df92\" data-element_type=\"column\" data-e-type=\"column\">\n\t\t\t<div class=\"elementor-widget-wrap elementor-element-populated\">\n\t\t\t\t\t\t\t<\/div>\n\t\t<\/div>\n\t\t\t\t<div class=\"elementor-column elementor-col-66 elementor-top-column elementor-element elementor-element-9aa5fcb\" data-id=\"9aa5fcb\" data-element_type=\"column\" data-e-type=\"column\">\n\t\t\t<div class=\"elementor-widget-wrap elementor-element-populated\">\n\t\t\t\t\t\t<div class=\"elementor-element elementor-element-9c308c4 elementor-widget elementor-widget-text-editor\" data-id=\"9c308c4\" data-element_type=\"widget\" data-e-type=\"widget\" data-widget_type=\"text-editor.default\">\n\t\t\t\t<div class=\"elementor-widget-container\">\n\t\t\t\t\t\t\t\t\t<p style=\"font-weight: 400;\">Verein K has a quite unique structure which offers you an elaborately curated program formed according to your \/ your project\u2019s needs. This intense ten-day residency grants access to various places including artist studios, museums, institutions etc. (always\u00a0with a guided tour by the curator\/director) and allows you to get to know numerous artists, curators and their stories via both individual and collective meetings. Hereby you get a chance to have an overall idea about the diverse Viennese contemporary art scene in a very short period of time.\u00a0<br \/><br \/>I am very happy to be a part of this program and I believe it will foster many other encounters and collaborations in the near future. I am grateful for all the exchanges I had with my peers Anna, Andrey, Johan and Koi. And of course, a warm, big\u00a0thank you\u00a0to Dejan, Jelena and Klaus for their hospitality and care.\u00a0<\/p><p style=\"font-weight: 400;\"><a href=\"http:\/\/verein-k.net\/wp\/participants-visiting-curators-vienna-2022\/\">&#8211; Nil\u00fcfer \u015ea\u015fmazer, Turkey<\/a><\/p><p align=\"right\">\u00a0<\/p>\t\t\t\t\t\t\t\t<\/div>\n\t\t\t\t<\/div>\n\t\t\t\t\t<\/div>\n\t\t<\/div>\n\t\t\t\t\t<\/div>\n\t\t<\/section>\n\t\t\t\t<section class=\"elementor-section elementor-top-section elementor-element elementor-element-99c959e elementor-section-boxed elementor-section-height-default elementor-section-height-default\" data-id=\"99c959e\" data-element_type=\"section\" data-e-type=\"section\">\n\t\t\t\t\t\t<div class=\"elementor-container elementor-column-gap-default\">\n\t\t\t\t\t<div class=\"elementor-column elementor-col-100 elementor-top-column elementor-element elementor-element-bf0b1f2\" data-id=\"bf0b1f2\" data-element_type=\"column\" data-e-type=\"column\">\n\t\t\t<div class=\"elementor-widget-wrap elementor-element-populated\">\n\t\t\t\t\t\t\t<\/div>\n\t\t<\/div>\n\t\t\t\t\t<\/div>\n\t\t<\/section>\n\t\t\t\t<section class=\"elementor-section elementor-top-section elementor-element elementor-element-5e611a46 elementor-section-boxed elementor-section-height-default elementor-section-height-default\" data-id=\"5e611a46\" data-element_type=\"section\" data-e-type=\"section\" data-settings=\"{&quot;background_background&quot;:&quot;classic&quot;}\">\n\t\t\t\t\t\t<div class=\"elementor-container elementor-column-gap-default\">\n\t\t\t\t\t<div class=\"elementor-column elementor-col-33 elementor-top-column elementor-element elementor-element-34b878ff\" data-id=\"34b878ff\" data-element_type=\"column\" data-e-type=\"column\">\n\t\t\t<div class=\"elementor-widget-wrap elementor-element-populated\">\n\t\t\t\t\t\t<div class=\"elementor-element elementor-element-221213fe elementor-widget elementor-widget-text-editor\" data-id=\"221213fe\" data-element_type=\"widget\" data-e-type=\"widget\" data-widget_type=\"text-editor.default\">\n\t\t\t\t<div class=\"elementor-widget-container\">\n\t\t\t\t\t\t\t\t\t<p>Verein K is an independent arts and cultural organization from Vienna, founded in \u00a02017. Verein K focuses on projects in the field of contemporary art and culture connecting diverse cultural and social interests: critical approaches to contemporary art, creating curatorial platforms as well as enabling innovative cultural practices including diverse social groups.<\/p>\t\t\t\t\t\t\t\t<\/div>\n\t\t\t\t<\/div>\n\t\t\t\t\t<\/div>\n\t\t<\/div>\n\t\t\t\t<div class=\"elementor-column elementor-col-33 elementor-top-column elementor-element elementor-element-219f216f\" data-id=\"219f216f\" data-element_type=\"column\" data-e-type=\"column\">\n\t\t\t<div class=\"elementor-widget-wrap elementor-element-populated\">\n\t\t\t\t\t\t<div class=\"elementor-element elementor-element-45aafaa5 elementor-widget elementor-widget-text-editor\" data-id=\"45aafaa5\" data-element_type=\"widget\" data-e-type=\"widget\" data-widget_type=\"text-editor.default\">\n\t\t\t\t<div class=\"elementor-widget-container\">\n\t\t\t\t\t\t\t\t\t<div><b>Impressum<\/b><\/div><div>\u00a0<\/div><div>Verein K \u2013 Kunst, Kultur, Kommunikation\u00a0<\/div><div>ZVR &#8211; Zahl: 1413308554<\/div><div>info@verein-k.net\u00a0<\/div><div>+43 699 176 300 21\u00a0<\/div><div><div>IBAN:\u00a0AT05 2011 1838 5345 0200<\/div><div><div>BIC:\u00a0GIBAATWWXXX<\/div><div>\u00a0<\/div><\/div><\/div><div><div>\u00a0<\/div><\/div>\t\t\t\t\t\t\t\t<\/div>\n\t\t\t\t<\/div>\n\t\t\t\t\t<\/div>\n\t\t<\/div>\n\t\t\t\t<div class=\"elementor-column elementor-col-33 elementor-top-column elementor-element elementor-element-8bca205\" data-id=\"8bca205\" data-element_type=\"column\" data-e-type=\"column\">\n\t\t\t<div class=\"elementor-widget-wrap elementor-element-populated\">\n\t\t\t\t\t\t<div class=\"elementor-element elementor-element-51048c5 elementor-shape-circle e-grid-align-right elementor-grid-0 elementor-widget elementor-widget-social-icons\" data-id=\"51048c5\" data-element_type=\"widget\" data-e-type=\"widget\" data-widget_type=\"social-icons.default\">\n\t\t\t\t<div class=\"elementor-widget-container\">\n\t\t\t\t\t\t\t<div class=\"elementor-social-icons-wrapper elementor-grid\" role=\"list\">\n\t\t\t\t\t\t\t<span class=\"elementor-grid-item\" role=\"listitem\">\n\t\t\t\t\t<a class=\"elementor-icon elementor-social-icon elementor-social-icon-facebook elementor-repeater-item-2569671\" href=\"https:\/\/www.facebook.com\/vereinK\" target=\"_blank\">\n\t\t\t\t\t\t<span class=\"elementor-screen-only\">Facebook<\/span>\n\t\t\t\t\t\t\t\t\t\t\t\t\t<i class=\"fa fa-facebook\" aria-hidden=\"true\"><\/i>\n\t\t\t\t\t\t\t\t\t\t\t<\/a>\n\t\t\t\t<\/span>\n\t\t\t\t\t\t\t<span class=\"elementor-grid-item\" role=\"listitem\">\n\t\t\t\t\t<a class=\"elementor-icon elementor-social-icon elementor-social-icon-instagram elementor-repeater-item-ab63de0\" href=\"https:\/\/www.instagram.com\/verein__k\/\" target=\"_blank\">\n\t\t\t\t\t\t<span class=\"elementor-screen-only\">Instagram<\/span>\n\t\t\t\t\t\t\t\t\t\t\t\t\t<i class=\"fa fa-instagram\" aria-hidden=\"true\"><\/i>\n\t\t\t\t\t\t\t\t\t\t\t<\/a>\n\t\t\t\t<\/span>\n\t\t\t\t\t\t\t<span class=\"elementor-grid-item\" role=\"listitem\">\n\t\t\t\t\t<a class=\"elementor-icon elementor-social-icon elementor-social-icon-vimeo elementor-repeater-item-f3aee9e\" href=\"https:\/\/vimeo.com\/vereink\" target=\"_blank\">\n\t\t\t\t\t\t<span class=\"elementor-screen-only\">Vimeo<\/span>\n\t\t\t\t\t\t\t\t\t\t\t\t\t<i class=\"fa fa-vimeo\" aria-hidden=\"true\"><\/i>\n\t\t\t\t\t\t\t\t\t\t\t<\/a>\n\t\t\t\t<\/span>\n\t\t\t\t\t<\/div>\n\t\t\t\t\t\t<\/div>\n\t\t\t\t<\/div>\n\t\t\t\t\t<\/div>\n\t\t<\/div>\n\t\t\t\t\t<\/div>\n\t\t<\/section>\n\t\t\t\t<\/div>\n\t\t","protected":false},"excerpt":{"rendered":"<p>Testimonials Visiting Curators Vienna 2022 We would like to express our sincere gratitude for joining The Visiting Curators Vienna residency in 2022. In such brutal and challenging times marked by atrocity of the Russian invasion of Ukraine we humbly appreciate the chance for having an open discussion not only about vibrant and inspiring Viennese contemporary [&hellip;]<\/p>\n","protected":false},"author":2,"featured_media":0,"parent":0,"menu_order":0,"comment_status":"closed","ping_status":"closed","template":"elementor_header_footer","meta":{"footnotes":""},"class_list":["post-3533","page","type-page","status-publish","hentry","missing-thumbnail"],"_links":{"self":[{"href":"https:\/\/verein-k.net\/wp\/wp-json\/wp\/v2\/pages\/3533","targetHints":{"allow":["GET"]}}],"collection":[{"href":"https:\/\/verein-k.net\/wp\/wp-json\/wp\/v2\/pages"}],"about":[{"href":"https:\/\/verein-k.net\/wp\/wp-json\/wp\/v2\/types\/page"}],"author":[{"embeddable":true,"href":"https:\/\/verein-k.net\/wp\/wp-json\/wp\/v2\/users\/2"}],"replies":[{"embeddable":true,"href":"https:\/\/verein-k.net\/wp\/wp-json\/wp\/v2\/comments?post=3533"}],"version-history":[{"count":19,"href":"https:\/\/verein-k.net\/wp\/wp-json\/wp\/v2\/pages\/3533\/revisions"}],"predecessor-version":[{"id":3556,"href":"https:\/\/verein-k.net\/wp\/wp-json\/wp\/v2\/pages\/3533\/revisions\/3556"}],"wp:attachment":[{"href":"https:\/\/verein-k.net\/wp\/wp-json\/wp\/v2\/media?parent=3533"}],"curies":[{"name":"wp","href":"https:\/\/api.w.org\/{rel}","templated":true}]}}